{"id":19438,"date":"2022-08-03T14:29:21","date_gmt":"2022-08-03T12:29:21","guid":{"rendered":"http:\/\/www.maddalena.it\/?post_type=product&#038;p=19438"},"modified":"2025-10-31T09:01:01","modified_gmt":"2025-10-31T08:01:01","slug":"e-bulk","status":"publish","type":"product","link":"https:\/\/www.maddalena.it\/de\/produkt\/e-bulk\/","title":{"rendered":"E-BULK"},"content":{"rendered":"<p>E-BULK ist eine moderne L\u00f6sung f\u00fcr die Messung gro\u00dfer Volumen f\u00fcr Versorger und industrielle und kommerzielle Anwendungen. Dank benutzerfreundlicher Ultraschalltechnik in diesen Bereichen, garantiert E-BULK ausgezeichnete Leistungen unter allen Einbaubedingungen. Die \u00e4u\u00dferst geringe Durchflussmenge f\u00fcr seinen Anlauf, der gro\u00dfe Messbereich und das Fehlen von Bewegungsteilen erm\u00f6glichen die Erfassung des Gesamtverbrauchs und erleichtern die Ermittlung etwaiger Leckagen. E-BULK macht mechanische Z\u00e4hler \u00fcberfl\u00fcssig, insbesondere kombinierte Z\u00e4hler. Robust, langlebig, geeignet f\u00fcr schwierigste Umgebungen. Kann mit modernsten Technologien f\u00fcr die Fernauslesung der Daten ausgestattet werden.<\/p>\n","protected":false},"excerpt":{"rendered":"<p>ULTRASCHALL-WASSERZ\u00c4HLER<\/p>\n","protected":false},"featured_media":279,"menu_order":12,"template":"","meta":{"_acf_changed":false,"_lmt_disableupdate":"","_lmt_disable":""},"product_category":[74],"class_list":["post-19438","product","type-product","status-publish","has-post-thumbnail","hentry","product_category-electo-de"],"acf":[],"yoast_head":"<!-- This site is optimized with the Yoast SEO plugin v27.5 - https:\/\/yoast.com\/product\/yoast-seo-wordpress\/ -->\n<title>E-BULK - ULTRASCHALL-WASSERZ\u00c4HLER<\/title>\n<meta name=\"description\" content=\"E-BULK ist eine moderne L\u00f6sung f\u00fcr die Messung gro\u00dfer Volumen f\u00fcr Versorger und industrielle und kommerzielle Anwendungen. Dank benutzerfreundl\" \/>\n<meta name=\"robots\" content=\"index, follow, max-snippet:-1, max-image-preview:large, max-video-preview:-1\" \/>\n<link rel=\"canonical\" href=\"https:\/\/www.maddalena.it\/de\/produkt\/e-bulk\/\" \/>\n<meta property=\"og:locale\" content=\"de_DE\" \/>\n<meta property=\"og:type\" content=\"article\" \/>\n<meta property=\"og:title\" content=\"E-BULK - ULTRASCHALL-WASSERZ\u00c4HLER\" \/>\n<meta property=\"og:description\" content=\"E-BULK ist eine moderne L\u00f6sung f\u00fcr die Messung gro\u00dfer Volumen f\u00fcr Versorger und industrielle und kommerzielle Anwendungen. Dank benutzerfreundl\" \/>\n<meta property=\"og:url\" content=\"https:\/\/www.maddalena.it\/de\/produkt\/e-bulk\/\" \/>\n<meta property=\"og:site_name\" content=\"Maddalena S.p.A.\" \/>\n<meta property=\"article:modified_time\" content=\"2025-10-31T08:01:01+00:00\" \/>\n<meta property=\"og:image\" content=\"https:\/\/www.maddalena.it\/wp-content\/uploads\/catalog-image\/e-bulk-3q.png\" \/>\n\t<meta property=\"og:image:width\" content=\"1600\" \/>\n\t<meta property=\"og:image:height\" content=\"1199\" \/>\n\t<meta property=\"og:image:type\" content=\"image\/png\" \/>\n<meta name=\"twitter:card\" content=\"summary_large_image\" \/>\n<script type=\"application\/ld+json\" class=\"yoast-schema-graph\">{\"@context\":\"https:\\\/\\\/schema.org\",\"@graph\":[{\"@type\":\"WebPage\",\"@id\":\"https:\\\/\\\/www.maddalena.it\\\/de\\\/produkt\\\/e-bulk\\\/\",\"url\":\"https:\\\/\\\/www.maddalena.it\\\/de\\\/produkt\\\/e-bulk\\\/\",\"name\":\"E-BULK - ULTRASCHALL-WASSERZ\u00c4HLER\",\"isPartOf\":{\"@id\":\"https:\\\/\\\/www.maddalena.it\\\/de\\\/#website\"},\"primaryImageOfPage\":{\"@id\":\"https:\\\/\\\/www.maddalena.it\\\/de\\\/produkt\\\/e-bulk\\\/#primaryimage\"},\"image\":{\"@id\":\"https:\\\/\\\/www.maddalena.it\\\/de\\\/produkt\\\/e-bulk\\\/#primaryimage\"},\"thumbnailUrl\":\"https:\\\/\\\/www.maddalena.it\\\/wp-content\\\/uploads\\\/catalog-image\\\/e-bulk-3q.png\",\"datePublished\":\"2022-08-03T12:29:21+00:00\",\"dateModified\":\"2025-10-31T08:01:01+00:00\",\"description\":\"E-BULK ist eine moderne L\u00f6sung f\u00fcr die Messung gro\u00dfer Volumen f\u00fcr Versorger und industrielle und kommerzielle Anwendungen. Dank benutzerfreundl\",\"breadcrumb\":{\"@id\":\"https:\\\/\\\/www.maddalena.it\\\/de\\\/produkt\\\/e-bulk\\\/#breadcrumb\"},\"inLanguage\":\"de\",\"potentialAction\":[{\"@type\":\"ReadAction\",\"target\":[\"https:\\\/\\\/www.maddalena.it\\\/de\\\/produkt\\\/e-bulk\\\/\"]}]},{\"@type\":\"ImageObject\",\"inLanguage\":\"de\",\"@id\":\"https:\\\/\\\/www.maddalena.it\\\/de\\\/produkt\\\/e-bulk\\\/#primaryimage\",\"url\":\"https:\\\/\\\/www.maddalena.it\\\/wp-content\\\/uploads\\\/catalog-image\\\/e-bulk-3q.png\",\"contentUrl\":\"https:\\\/\\\/www.maddalena.it\\\/wp-content\\\/uploads\\\/catalog-image\\\/e-bulk-3q.png\",\"width\":1600,\"height\":1201,\"caption\":\"Electo\"},{\"@type\":\"BreadcrumbList\",\"@id\":\"https:\\\/\\\/www.maddalena.it\\\/de\\\/produkt\\\/e-bulk\\\/#breadcrumb\",\"itemListElement\":[{\"@type\":\"ListItem\",\"position\":1,\"name\":\"Home\",\"item\":\"https:\\\/\\\/www.maddalena.it\\\/de\\\/\"},{\"@type\":\"ListItem\",\"position\":2,\"name\":\"Produkte\",\"item\":\"https:\\\/\\\/www.maddalena.it\\\/de\\\/produkt\\\/\"},{\"@type\":\"ListItem\",\"position\":3,\"name\":\"Wasser\",\"item\":\"https:\\\/\\\/www.maddalena.it\\\/de\\\/produkte\\\/wasserzaehler\\\/\"},{\"@type\":\"ListItem\",\"position\":4,\"name\":\"ElecTo\",\"item\":\"https:\\\/\\\/www.maddalena.it\\\/de\\\/produkte\\\/electo-de\\\/\"},{\"@type\":\"ListItem\",\"position\":5,\"name\":\"E-BULK\"}]},{\"@type\":\"WebSite\",\"@id\":\"https:\\\/\\\/www.maddalena.it\\\/de\\\/#website\",\"url\":\"https:\\\/\\\/www.maddalena.it\\\/de\\\/\",\"name\":\"Maddalena S.p.A.\",\"description\":\"Metering Expertise\",\"publisher\":{\"@id\":\"https:\\\/\\\/www.maddalena.it\\\/de\\\/#organization\"},\"potentialAction\":[{\"@type\":\"SearchAction\",\"target\":{\"@type\":\"EntryPoint\",\"urlTemplate\":\"https:\\\/\\\/www.maddalena.it\\\/de\\\/?s={search_term_string}\"},\"query-input\":{\"@type\":\"PropertyValueSpecification\",\"valueRequired\":true,\"valueName\":\"search_term_string\"}}],\"inLanguage\":\"de\"},{\"@type\":\"Organization\",\"@id\":\"https:\\\/\\\/www.maddalena.it\\\/de\\\/#organization\",\"name\":\"Maddalena S.p.A.\",\"url\":\"https:\\\/\\\/www.maddalena.it\\\/de\\\/\",\"logo\":{\"@type\":\"ImageObject\",\"inLanguage\":\"de\",\"@id\":\"https:\\\/\\\/www.maddalena.it\\\/de\\\/#\\\/schema\\\/logo\\\/image\\\/\",\"url\":\"https:\\\/\\\/www.maddalena.it\\\/wp-content\\\/uploads\\\/2022\\\/04\\\/logo.svg\",\"contentUrl\":\"https:\\\/\\\/www.maddalena.it\\\/wp-content\\\/uploads\\\/2022\\\/04\\\/logo.svg\",\"caption\":\"Maddalena S.p.A.\"},\"image\":{\"@id\":\"https:\\\/\\\/www.maddalena.it\\\/de\\\/#\\\/schema\\\/logo\\\/image\\\/\"}}]}<\/script>\n<!-- \/ Yoast SEO plugin. -->","yoast_head_json":{"title":"E-BULK - ULTRASCHALL-WASSERZ\u00c4HLER","description":"E-BULK ist eine moderne L\u00f6sung f\u00fcr die Messung gro\u00dfer Volumen f\u00fcr Versorger und industrielle und kommerzielle Anwendungen. Dank benutzerfreundl","robots":{"index":"index","follow":"follow","max-snippet":"max-snippet:-1","max-image-preview":"max-image-preview:large","max-video-preview":"max-video-preview:-1"},"canonical":"https:\/\/www.maddalena.it\/de\/produkt\/e-bulk\/","og_locale":"de_DE","og_type":"article","og_title":"E-BULK - ULTRASCHALL-WASSERZ\u00c4HLER","og_description":"E-BULK ist eine moderne L\u00f6sung f\u00fcr die Messung gro\u00dfer Volumen f\u00fcr Versorger und industrielle und kommerzielle Anwendungen. Dank benutzerfreundl","og_url":"https:\/\/www.maddalena.it\/de\/produkt\/e-bulk\/","og_site_name":"Maddalena S.p.A.","article_modified_time":"2025-10-31T08:01:01+00:00","og_image":[{"width":1600,"height":1199,"url":"https:\/\/www.maddalena.it\/wp-content\/uploads\/catalog-image\/e-bulk-3q.png","type":"image\/png"}],"twitter_card":"summary_large_image","schema":{"@context":"https:\/\/schema.org","@graph":[{"@type":"WebPage","@id":"https:\/\/www.maddalena.it\/de\/produkt\/e-bulk\/","url":"https:\/\/www.maddalena.it\/de\/produkt\/e-bulk\/","name":"E-BULK - ULTRASCHALL-WASSERZ\u00c4HLER","isPartOf":{"@id":"https:\/\/www.maddalena.it\/de\/#website"},"primaryImageOfPage":{"@id":"https:\/\/www.maddalena.it\/de\/produkt\/e-bulk\/#primaryimage"},"image":{"@id":"https:\/\/www.maddalena.it\/de\/produkt\/e-bulk\/#primaryimage"},"thumbnailUrl":"https:\/\/www.maddalena.it\/wp-content\/uploads\/catalog-image\/e-bulk-3q.png","datePublished":"2022-08-03T12:29:21+00:00","dateModified":"2025-10-31T08:01:01+00:00","description":"E-BULK ist eine moderne L\u00f6sung f\u00fcr die Messung gro\u00dfer Volumen f\u00fcr Versorger und industrielle und kommerzielle Anwendungen. Dank benutzerfreundl","breadcrumb":{"@id":"https:\/\/www.maddalena.it\/de\/produkt\/e-bulk\/#breadcrumb"},"inLanguage":"de","potentialAction":[{"@type":"ReadAction","target":["https:\/\/www.maddalena.it\/de\/produkt\/e-bulk\/"]}]},{"@type":"ImageObject","inLanguage":"de","@id":"https:\/\/www.maddalena.it\/de\/produkt\/e-bulk\/#primaryimage","url":"https:\/\/www.maddalena.it\/wp-content\/uploads\/catalog-image\/e-bulk-3q.png","contentUrl":"https:\/\/www.maddalena.it\/wp-content\/uploads\/catalog-image\/e-bulk-3q.png","width":1600,"height":1201,"caption":"Electo"},{"@type":"BreadcrumbList","@id":"https:\/\/www.maddalena.it\/de\/produkt\/e-bulk\/#breadcrumb","itemListElement":[{"@type":"ListItem","position":1,"name":"Home","item":"https:\/\/www.maddalena.it\/de\/"},{"@type":"ListItem","position":2,"name":"Produkte","item":"https:\/\/www.maddalena.it\/de\/produkt\/"},{"@type":"ListItem","position":3,"name":"Wasser","item":"https:\/\/www.maddalena.it\/de\/produkte\/wasserzaehler\/"},{"@type":"ListItem","position":4,"name":"ElecTo","item":"https:\/\/www.maddalena.it\/de\/produkte\/electo-de\/"},{"@type":"ListItem","position":5,"name":"E-BULK"}]},{"@type":"WebSite","@id":"https:\/\/www.maddalena.it\/de\/#website","url":"https:\/\/www.maddalena.it\/de\/","name":"Maddalena S.p.A.","description":"Metering Expertise","publisher":{"@id":"https:\/\/www.maddalena.it\/de\/#organization"},"potentialAction":[{"@type":"SearchAction","target":{"@type":"EntryPoint","urlTemplate":"https:\/\/www.maddalena.it\/de\/?s={search_term_string}"},"query-input":{"@type":"PropertyValueSpecification","valueRequired":true,"valueName":"search_term_string"}}],"inLanguage":"de"},{"@type":"Organization","@id":"https:\/\/www.maddalena.it\/de\/#organization","name":"Maddalena S.p.A.","url":"https:\/\/www.maddalena.it\/de\/","logo":{"@type":"ImageObject","inLanguage":"de","@id":"https:\/\/www.maddalena.it\/de\/#\/schema\/logo\/image\/","url":"https:\/\/www.maddalena.it\/wp-content\/uploads\/2022\/04\/logo.svg","contentUrl":"https:\/\/www.maddalena.it\/wp-content\/uploads\/2022\/04\/logo.svg","caption":"Maddalena S.p.A."},"image":{"@id":"https:\/\/www.maddalena.it\/de\/#\/schema\/logo\/image\/"}}]}},"_links":{"self":[{"href":"https:\/\/www.maddalena.it\/de\/wp-json\/wp\/v2\/product\/19438","targetHints":{"allow":["GET"]}}],"collection":[{"href":"https:\/\/www.maddalena.it\/de\/wp-json\/wp\/v2\/product"}],"about":[{"href":"https:\/\/www.maddalena.it\/de\/wp-json\/wp\/v2\/types\/product"}],"wp:featuredmedia":[{"embeddable":true,"href":"https:\/\/www.maddalena.it\/de\/wp-json\/wp\/v2\/media\/279"}],"wp:attachment":[{"href":"https:\/\/www.maddalena.it\/de\/wp-json\/wp\/v2\/media?parent=19438"}],"wp:term":[{"taxonomy":"product_category","embeddable":true,"href":"https:\/\/www.maddalena.it\/de\/wp-json\/wp\/v2\/product_category?post=19438"}],"curies":[{"name":"wp","href":"https:\/\/api.w.org\/{rel}","templated":true}]}}