{"id":19431,"date":"2022-08-03T14:29:09","date_gmt":"2022-08-03T12:29:09","guid":{"rendered":"http:\/\/www.maddalena.it\/?post_type=product&#038;p=19431"},"modified":"2023-09-12T11:03:03","modified_gmt":"2023-09-12T09:03:03","slug":"flowpulse","status":"publish","type":"product","link":"https:\/\/www.maddalena.it\/de\/produkt\/flowpulse\/","title":{"rendered":"FLOWPULSE"},"content":{"rendered":"<p>Statisches Impulsgebermodul mit Ausgang NPN offener Kollektor. Ausgestattet mit induktivem elektronischem Sensor, kann zu einem sp\u00e4teren Zeitpunkt auf entsprechend vorger\u00fcsteten Z\u00e4hlern installiert werden und erm\u00f6glicht so die Kommunikation mit getrennten Funkmodulen.<\/p>\n","protected":false},"excerpt":{"rendered":"<p>INDUKTIVER IMPULSGEBER<\/p>\n","protected":false},"featured_media":1382,"menu_order":27,"template":"","meta":{"_acf_changed":false,"_lmt_disableupdate":"","_lmt_disable":""},"product_category":[98],"class_list":["post-19431","product","type-product","status-publish","has-post-thumbnail","hentry","product_category-kabel-kommunikationsmodulen"],"acf":[],"yoast_head":"<!-- This site is optimized with the Yoast SEO plugin v27.5 - https:\/\/yoast.com\/product\/yoast-seo-wordpress\/ -->\n<title>FLOWPULSE - INDUKTIVER IMPULSGEBER<\/title>\n<meta name=\"description\" content=\"Statisches Impulsgebermodul mit Ausgang NPN offener Kollektor. Ausgestattet mit induktivem elektronischem Sensor, kann zu einem sp\u00e4teren Zeitpunkt\" \/>\n<meta name=\"robots\" content=\"index, follow, max-snippet:-1, max-image-preview:large, max-video-preview:-1\" \/>\n<link rel=\"canonical\" href=\"https:\/\/www.maddalena.it\/de\/produkt\/flowpulse\/\" \/>\n<meta property=\"og:locale\" content=\"de_DE\" \/>\n<meta property=\"og:type\" content=\"article\" \/>\n<meta property=\"og:title\" content=\"FLOWPULSE - INDUKTIVER IMPULSGEBER\" \/>\n<meta property=\"og:description\" content=\"Statisches Impulsgebermodul mit Ausgang NPN offener Kollektor. Ausgestattet mit induktivem elektronischem Sensor, kann zu einem sp\u00e4teren Zeitpunkt\" \/>\n<meta property=\"og:url\" content=\"https:\/\/www.maddalena.it\/de\/produkt\/flowpulse\/\" \/>\n<meta property=\"og:site_name\" content=\"Maddalena S.p.A.\" \/>\n<meta property=\"article:modified_time\" content=\"2023-09-12T09:03:03+00:00\" \/>\n<meta property=\"og:image\" content=\"https:\/\/www.maddalena.it\/wp-content\/uploads\/catalog-image\/schermata-2022-04-06-alle-09-16-12.png\" \/>\n\t<meta property=\"og:image:width\" content=\"1600\" \/>\n\t<meta property=\"og:image:height\" content=\"1600\" \/>\n\t<meta property=\"og:image:type\" content=\"image\/png\" \/>\n<meta name=\"twitter:card\" content=\"summary_large_image\" \/>\n<script type=\"application\/ld+json\" class=\"yoast-schema-graph\">{\"@context\":\"https:\\\/\\\/schema.org\",\"@graph\":[{\"@type\":\"WebPage\",\"@id\":\"https:\\\/\\\/www.maddalena.it\\\/de\\\/produkt\\\/flowpulse\\\/\",\"url\":\"https:\\\/\\\/www.maddalena.it\\\/de\\\/produkt\\\/flowpulse\\\/\",\"name\":\"FLOWPULSE - INDUKTIVER IMPULSGEBER\",\"isPartOf\":{\"@id\":\"https:\\\/\\\/www.maddalena.it\\\/de\\\/#website\"},\"primaryImageOfPage\":{\"@id\":\"https:\\\/\\\/www.maddalena.it\\\/de\\\/produkt\\\/flowpulse\\\/#primaryimage\"},\"image\":{\"@id\":\"https:\\\/\\\/www.maddalena.it\\\/de\\\/produkt\\\/flowpulse\\\/#primaryimage\"},\"thumbnailUrl\":\"https:\\\/\\\/www.maddalena.it\\\/wp-content\\\/uploads\\\/catalog-image\\\/schermata-2022-04-06-alle-09-16-12.png\",\"datePublished\":\"2022-08-03T12:29:09+00:00\",\"dateModified\":\"2023-09-12T09:03:03+00:00\",\"description\":\"Statisches Impulsgebermodul mit Ausgang NPN offener Kollektor. Ausgestattet mit induktivem elektronischem Sensor, kann zu einem sp\u00e4teren Zeitpunkt\",\"breadcrumb\":{\"@id\":\"https:\\\/\\\/www.maddalena.it\\\/de\\\/produkt\\\/flowpulse\\\/#breadcrumb\"},\"inLanguage\":\"de\",\"potentialAction\":[{\"@type\":\"ReadAction\",\"target\":[\"https:\\\/\\\/www.maddalena.it\\\/de\\\/produkt\\\/flowpulse\\\/\"]}]},{\"@type\":\"ImageObject\",\"inLanguage\":\"de\",\"@id\":\"https:\\\/\\\/www.maddalena.it\\\/de\\\/produkt\\\/flowpulse\\\/#primaryimage\",\"url\":\"https:\\\/\\\/www.maddalena.it\\\/wp-content\\\/uploads\\\/catalog-image\\\/schermata-2022-04-06-alle-09-16-12.png\",\"contentUrl\":\"https:\\\/\\\/www.maddalena.it\\\/wp-content\\\/uploads\\\/catalog-image\\\/schermata-2022-04-06-alle-09-16-12.png\",\"width\":1600,\"height\":1600,\"caption\":\"Cavo\"},{\"@type\":\"BreadcrumbList\",\"@id\":\"https:\\\/\\\/www.maddalena.it\\\/de\\\/produkt\\\/flowpulse\\\/#breadcrumb\",\"itemListElement\":[{\"@type\":\"ListItem\",\"position\":1,\"name\":\"Home\",\"item\":\"https:\\\/\\\/www.maddalena.it\\\/de\\\/\"},{\"@type\":\"ListItem\",\"position\":2,\"name\":\"Produkte\",\"item\":\"https:\\\/\\\/www.maddalena.it\\\/de\\\/produkt\\\/\"},{\"@type\":\"ListItem\",\"position\":3,\"name\":\"Kommunikationsmodule\",\"item\":\"https:\\\/\\\/www.maddalena.it\\\/de\\\/produkte\\\/kommunikationsmodule\\\/\"},{\"@type\":\"ListItem\",\"position\":4,\"name\":\"Kabel\",\"item\":\"https:\\\/\\\/www.maddalena.it\\\/de\\\/produkte\\\/kabel-kommunikationsmodulen\\\/\"},{\"@type\":\"ListItem\",\"position\":5,\"name\":\"FLOWPULSE\"}]},{\"@type\":\"WebSite\",\"@id\":\"https:\\\/\\\/www.maddalena.it\\\/de\\\/#website\",\"url\":\"https:\\\/\\\/www.maddalena.it\\\/de\\\/\",\"name\":\"Maddalena S.p.A.\",\"description\":\"Metering Expertise\",\"publisher\":{\"@id\":\"https:\\\/\\\/www.maddalena.it\\\/de\\\/#organization\"},\"potentialAction\":[{\"@type\":\"SearchAction\",\"target\":{\"@type\":\"EntryPoint\",\"urlTemplate\":\"https:\\\/\\\/www.maddalena.it\\\/de\\\/?s={search_term_string}\"},\"query-input\":{\"@type\":\"PropertyValueSpecification\",\"valueRequired\":true,\"valueName\":\"search_term_string\"}}],\"inLanguage\":\"de\"},{\"@type\":\"Organization\",\"@id\":\"https:\\\/\\\/www.maddalena.it\\\/de\\\/#organization\",\"name\":\"Maddalena S.p.A.\",\"url\":\"https:\\\/\\\/www.maddalena.it\\\/de\\\/\",\"logo\":{\"@type\":\"ImageObject\",\"inLanguage\":\"de\",\"@id\":\"https:\\\/\\\/www.maddalena.it\\\/de\\\/#\\\/schema\\\/logo\\\/image\\\/\",\"url\":\"https:\\\/\\\/www.maddalena.it\\\/wp-content\\\/uploads\\\/2022\\\/04\\\/logo.svg\",\"contentUrl\":\"https:\\\/\\\/www.maddalena.it\\\/wp-content\\\/uploads\\\/2022\\\/04\\\/logo.svg\",\"caption\":\"Maddalena S.p.A.\"},\"image\":{\"@id\":\"https:\\\/\\\/www.maddalena.it\\\/de\\\/#\\\/schema\\\/logo\\\/image\\\/\"}}]}<\/script>\n<!-- \/ Yoast SEO plugin. -->","yoast_head_json":{"title":"FLOWPULSE - INDUKTIVER IMPULSGEBER","description":"Statisches Impulsgebermodul mit Ausgang NPN offener Kollektor. Ausgestattet mit induktivem elektronischem Sensor, kann zu einem sp\u00e4teren Zeitpunkt","robots":{"index":"index","follow":"follow","max-snippet":"max-snippet:-1","max-image-preview":"max-image-preview:large","max-video-preview":"max-video-preview:-1"},"canonical":"https:\/\/www.maddalena.it\/de\/produkt\/flowpulse\/","og_locale":"de_DE","og_type":"article","og_title":"FLOWPULSE - INDUKTIVER IMPULSGEBER","og_description":"Statisches Impulsgebermodul mit Ausgang NPN offener Kollektor. Ausgestattet mit induktivem elektronischem Sensor, kann zu einem sp\u00e4teren Zeitpunkt","og_url":"https:\/\/www.maddalena.it\/de\/produkt\/flowpulse\/","og_site_name":"Maddalena S.p.A.","article_modified_time":"2023-09-12T09:03:03+00:00","og_image":[{"width":1600,"height":1600,"url":"https:\/\/www.maddalena.it\/wp-content\/uploads\/catalog-image\/schermata-2022-04-06-alle-09-16-12.png","type":"image\/png"}],"twitter_card":"summary_large_image","schema":{"@context":"https:\/\/schema.org","@graph":[{"@type":"WebPage","@id":"https:\/\/www.maddalena.it\/de\/produkt\/flowpulse\/","url":"https:\/\/www.maddalena.it\/de\/produkt\/flowpulse\/","name":"FLOWPULSE - INDUKTIVER IMPULSGEBER","isPartOf":{"@id":"https:\/\/www.maddalena.it\/de\/#website"},"primaryImageOfPage":{"@id":"https:\/\/www.maddalena.it\/de\/produkt\/flowpulse\/#primaryimage"},"image":{"@id":"https:\/\/www.maddalena.it\/de\/produkt\/flowpulse\/#primaryimage"},"thumbnailUrl":"https:\/\/www.maddalena.it\/wp-content\/uploads\/catalog-image\/schermata-2022-04-06-alle-09-16-12.png","datePublished":"2022-08-03T12:29:09+00:00","dateModified":"2023-09-12T09:03:03+00:00","description":"Statisches Impulsgebermodul mit Ausgang NPN offener Kollektor. Ausgestattet mit induktivem elektronischem Sensor, kann zu einem sp\u00e4teren Zeitpunkt","breadcrumb":{"@id":"https:\/\/www.maddalena.it\/de\/produkt\/flowpulse\/#breadcrumb"},"inLanguage":"de","potentialAction":[{"@type":"ReadAction","target":["https:\/\/www.maddalena.it\/de\/produkt\/flowpulse\/"]}]},{"@type":"ImageObject","inLanguage":"de","@id":"https:\/\/www.maddalena.it\/de\/produkt\/flowpulse\/#primaryimage","url":"https:\/\/www.maddalena.it\/wp-content\/uploads\/catalog-image\/schermata-2022-04-06-alle-09-16-12.png","contentUrl":"https:\/\/www.maddalena.it\/wp-content\/uploads\/catalog-image\/schermata-2022-04-06-alle-09-16-12.png","width":1600,"height":1600,"caption":"Cavo"},{"@type":"BreadcrumbList","@id":"https:\/\/www.maddalena.it\/de\/produkt\/flowpulse\/#breadcrumb","itemListElement":[{"@type":"ListItem","position":1,"name":"Home","item":"https:\/\/www.maddalena.it\/de\/"},{"@type":"ListItem","position":2,"name":"Produkte","item":"https:\/\/www.maddalena.it\/de\/produkt\/"},{"@type":"ListItem","position":3,"name":"Kommunikationsmodule","item":"https:\/\/www.maddalena.it\/de\/produkte\/kommunikationsmodule\/"},{"@type":"ListItem","position":4,"name":"Kabel","item":"https:\/\/www.maddalena.it\/de\/produkte\/kabel-kommunikationsmodulen\/"},{"@type":"ListItem","position":5,"name":"FLOWPULSE"}]},{"@type":"WebSite","@id":"https:\/\/www.maddalena.it\/de\/#website","url":"https:\/\/www.maddalena.it\/de\/","name":"Maddalena S.p.A.","description":"Metering Expertise","publisher":{"@id":"https:\/\/www.maddalena.it\/de\/#organization"},"potentialAction":[{"@type":"SearchAction","target":{"@type":"EntryPoint","urlTemplate":"https:\/\/www.maddalena.it\/de\/?s={search_term_string}"},"query-input":{"@type":"PropertyValueSpecification","valueRequired":true,"valueName":"search_term_string"}}],"inLanguage":"de"},{"@type":"Organization","@id":"https:\/\/www.maddalena.it\/de\/#organization","name":"Maddalena S.p.A.","url":"https:\/\/www.maddalena.it\/de\/","logo":{"@type":"ImageObject","inLanguage":"de","@id":"https:\/\/www.maddalena.it\/de\/#\/schema\/logo\/image\/","url":"https:\/\/www.maddalena.it\/wp-content\/uploads\/2022\/04\/logo.svg","contentUrl":"https:\/\/www.maddalena.it\/wp-content\/uploads\/2022\/04\/logo.svg","caption":"Maddalena S.p.A."},"image":{"@id":"https:\/\/www.maddalena.it\/de\/#\/schema\/logo\/image\/"}}]}},"_links":{"self":[{"href":"https:\/\/www.maddalena.it\/de\/wp-json\/wp\/v2\/product\/19431","targetHints":{"allow":["GET"]}}],"collection":[{"href":"https:\/\/www.maddalena.it\/de\/wp-json\/wp\/v2\/product"}],"about":[{"href":"https:\/\/www.maddalena.it\/de\/wp-json\/wp\/v2\/types\/product"}],"wp:featuredmedia":[{"embeddable":true,"href":"https:\/\/www.maddalena.it\/de\/wp-json\/wp\/v2\/media\/1382"}],"wp:attachment":[{"href":"https:\/\/www.maddalena.it\/de\/wp-json\/wp\/v2\/media?parent=19431"}],"wp:term":[{"taxonomy":"product_category","embeddable":true,"href":"https:\/\/www.maddalena.it\/de\/wp-json\/wp\/v2\/product_category?post=19431"}],"curies":[{"name":"wp","href":"https:\/\/api.w.org\/{rel}","templated":true}]}}