{"id":33526,"date":"2026-03-30T09:36:12","date_gmt":"2026-03-30T07:36:12","guid":{"rendered":"https:\/\/www.maddalena.it\/?page_id=33526"},"modified":"2026-03-30T12:36:00","modified_gmt":"2026-03-30T10:36:00","slug":"wer-wir-sind","status":"publish","type":"page","link":"https:\/\/www.maddalena.it\/de\/wer-wir-sind\/","title":{"rendered":"Wer wir sind"},"content":{"rendered":"\n<p><p><strong>Maddalena S.p.A. ist eines der f\u00fchrenden internationalen Unternehmen im Bereich der Messger\u00e4te f\u00fcr Wasser und thermische Energie<\/strong>. Das 1919 gegr\u00fcndete Unternehmen hat seine Organisationsstruktur sowie sein Angebot an Z\u00e4hlern f\u00fcr Haushalte und Gro\u00dfverbraucher kontinuierlich weiterentwickelt. Heute erf\u00fcllen die Produkte von Maddalena die Anforderungen der wichtigsten Versorgungsunternehmen weltweit.<\/p><\/p>\n\n<p><p>Das Werk in Povoletto (UD) verf\u00fcgt \u00fcber die h\u00f6chste Produktionskapazit\u00e4t Europas unter einem Dach und produziert j\u00e4hrlich mehr als 3 Millionen Messger\u00e4te.<\/p><\/p>\n\n<p><p>Seit jeher innovationsorientiert bietet <strong>Maddalena S.p.A. ein umfassendes Sortiment an Smart Metern mit mechanischer und elektronischer Messtechnik,<\/strong> im Einklang mit den Anforderungen der europ\u00e4ischen Energieeffizienzrichtlinie.<\/p><\/p>\n","protected":false},"excerpt":{"rendered":"<p>Maddalena S.p.A. ist eines der f\u00fchrenden internationalen Unternehmen im Bereich der Messger\u00e4te f\u00fcr Wasser und thermische Energie. Das 1919 gegr\u00fcndete Unternehmen hat seine Organisationsstruktur sowie sein Angebot an Z\u00e4hlern f\u00fcr Haushalte und Gro\u00dfverbraucher kontinuierlich weiterentwickelt. Heute erf\u00fcllen die Produkte von Maddalena die Anforderungen der wichtigsten Versorgungsunternehmen weltweit. Das Werk in Povoletto (UD) verf\u00fcgt \u00fcber die [&hellip;]<\/p>\n","protected":false},"author":2,"featured_media":0,"parent":0,"menu_order":20,"comment_status":"closed","ping_status":"closed","template":"","meta":{"_acf_changed":false,"_lmt_disableupdate":"","_lmt_disable":"","footnotes":""},"class_list":["post-33526","page","type-page","status-publish","hentry"],"acf":[],"yoast_head":"<!-- This site is optimized with the Yoast SEO plugin v27.6 - https:\/\/yoast.com\/product\/yoast-seo-wordpress\/ -->\n<title>Wer wir sind - Maddalena S.p.A.<\/title>\n<meta name=\"description\" content=\"Seit 1919 zeichnet sich Maddalena S.p.A. durch Aufmerksamkeit f\u00fcr Innovation, Zuverl\u00e4ssigkeit und Pr\u00e4zision aus. Smart Tradition ist unser Motto.\" \/>\n<meta name=\"robots\" content=\"index, follow, max-snippet:-1, max-image-preview:large, max-video-preview:-1\" \/>\n<link rel=\"canonical\" href=\"https:\/\/www.maddalena.it\/de\/wer-wir-sind\/\" \/>\n<meta property=\"og:locale\" content=\"de_DE\" \/>\n<meta property=\"og:type\" content=\"article\" \/>\n<meta property=\"og:title\" content=\"Wer wir sind - Maddalena S.p.A.\" \/>\n<meta property=\"og:description\" content=\"Seit 1919 zeichnet sich Maddalena S.p.A. durch Aufmerksamkeit f\u00fcr Innovation, Zuverl\u00e4ssigkeit und Pr\u00e4zision aus. Smart Tradition ist unser Motto.\" \/>\n<meta property=\"og:url\" content=\"https:\/\/www.maddalena.it\/de\/wer-wir-sind\/\" \/>\n<meta property=\"og:site_name\" content=\"Maddalena S.p.A.\" \/>\n<meta property=\"article:modified_time\" content=\"2026-03-30T10:36:00+00:00\" \/>\n<meta name=\"twitter:card\" content=\"summary_large_image\" \/>\n<meta name=\"twitter:label1\" content=\"Gesch\u00e4tzte Lesezeit\" \/>\n\t<meta name=\"twitter:data1\" content=\"1\u00a0Minute\" \/>\n<script type=\"application\/ld+json\" class=\"yoast-schema-graph\">{\"@context\":\"https:\\\/\\\/schema.org\",\"@graph\":[{\"@type\":\"WebPage\",\"@id\":\"https:\\\/\\\/www.maddalena.it\\\/de\\\/wer-wir-sind\\\/\",\"url\":\"https:\\\/\\\/www.maddalena.it\\\/de\\\/wer-wir-sind\\\/\",\"name\":\"Wer wir sind - Maddalena S.p.A.\",\"isPartOf\":{\"@id\":\"https:\\\/\\\/www.maddalena.it\\\/de\\\/#website\"},\"datePublished\":\"2026-03-30T07:36:12+00:00\",\"dateModified\":\"2026-03-30T10:36:00+00:00\",\"description\":\"Seit 1919 zeichnet sich Maddalena S.p.A. durch Aufmerksamkeit f\u00fcr Innovation, Zuverl\u00e4ssigkeit und Pr\u00e4zision aus. Smart Tradition ist unser Motto.\",\"breadcrumb\":{\"@id\":\"https:\\\/\\\/www.maddalena.it\\\/de\\\/wer-wir-sind\\\/#breadcrumb\"},\"inLanguage\":\"de\",\"potentialAction\":[{\"@type\":\"ReadAction\",\"target\":[\"https:\\\/\\\/www.maddalena.it\\\/de\\\/wer-wir-sind\\\/\"]}]},{\"@type\":\"BreadcrumbList\",\"@id\":\"https:\\\/\\\/www.maddalena.it\\\/de\\\/wer-wir-sind\\\/#breadcrumb\",\"itemListElement\":[{\"@type\":\"ListItem\",\"position\":1,\"name\":\"Home\",\"item\":\"https:\\\/\\\/www.maddalena.it\\\/de\\\/\"},{\"@type\":\"ListItem\",\"position\":2,\"name\":\"Wer wir sind\"}]},{\"@type\":\"WebSite\",\"@id\":\"https:\\\/\\\/www.maddalena.it\\\/de\\\/#website\",\"url\":\"https:\\\/\\\/www.maddalena.it\\\/de\\\/\",\"name\":\"Maddalena S.p.A.\",\"description\":\"Metering Expertise\",\"publisher\":{\"@id\":\"https:\\\/\\\/www.maddalena.it\\\/de\\\/#organization\"},\"potentialAction\":[{\"@type\":\"SearchAction\",\"target\":{\"@type\":\"EntryPoint\",\"urlTemplate\":\"https:\\\/\\\/www.maddalena.it\\\/de\\\/?s={search_term_string}\"},\"query-input\":{\"@type\":\"PropertyValueSpecification\",\"valueRequired\":true,\"valueName\":\"search_term_string\"}}],\"inLanguage\":\"de\"},{\"@type\":\"Organization\",\"@id\":\"https:\\\/\\\/www.maddalena.it\\\/de\\\/#organization\",\"name\":\"Maddalena S.p.A.\",\"url\":\"https:\\\/\\\/www.maddalena.it\\\/de\\\/\",\"logo\":{\"@type\":\"ImageObject\",\"inLanguage\":\"de\",\"@id\":\"https:\\\/\\\/www.maddalena.it\\\/de\\\/#\\\/schema\\\/logo\\\/image\\\/\",\"url\":\"https:\\\/\\\/www.maddalena.it\\\/wp-content\\\/uploads\\\/2022\\\/04\\\/logo.svg\",\"contentUrl\":\"https:\\\/\\\/www.maddalena.it\\\/wp-content\\\/uploads\\\/2022\\\/04\\\/logo.svg\",\"caption\":\"Maddalena S.p.A.\"},\"image\":{\"@id\":\"https:\\\/\\\/www.maddalena.it\\\/de\\\/#\\\/schema\\\/logo\\\/image\\\/\"}}]}<\/script>\n<!-- \/ Yoast SEO plugin. -->","yoast_head_json":{"title":"Wer wir sind - Maddalena S.p.A.","description":"Seit 1919 zeichnet sich Maddalena S.p.A. durch Aufmerksamkeit f\u00fcr Innovation, Zuverl\u00e4ssigkeit und Pr\u00e4zision aus. Smart Tradition ist unser Motto.","robots":{"index":"index","follow":"follow","max-snippet":"max-snippet:-1","max-image-preview":"max-image-preview:large","max-video-preview":"max-video-preview:-1"},"canonical":"https:\/\/www.maddalena.it\/de\/wer-wir-sind\/","og_locale":"de_DE","og_type":"article","og_title":"Wer wir sind - Maddalena S.p.A.","og_description":"Seit 1919 zeichnet sich Maddalena S.p.A. durch Aufmerksamkeit f\u00fcr Innovation, Zuverl\u00e4ssigkeit und Pr\u00e4zision aus. Smart Tradition ist unser Motto.","og_url":"https:\/\/www.maddalena.it\/de\/wer-wir-sind\/","og_site_name":"Maddalena S.p.A.","article_modified_time":"2026-03-30T10:36:00+00:00","twitter_card":"summary_large_image","twitter_misc":{"Gesch\u00e4tzte Lesezeit":"1\u00a0Minute"},"schema":{"@context":"https:\/\/schema.org","@graph":[{"@type":"WebPage","@id":"https:\/\/www.maddalena.it\/de\/wer-wir-sind\/","url":"https:\/\/www.maddalena.it\/de\/wer-wir-sind\/","name":"Wer wir sind - Maddalena S.p.A.","isPartOf":{"@id":"https:\/\/www.maddalena.it\/de\/#website"},"datePublished":"2026-03-30T07:36:12+00:00","dateModified":"2026-03-30T10:36:00+00:00","description":"Seit 1919 zeichnet sich Maddalena S.p.A. durch Aufmerksamkeit f\u00fcr Innovation, Zuverl\u00e4ssigkeit und Pr\u00e4zision aus. Smart Tradition ist unser Motto.","breadcrumb":{"@id":"https:\/\/www.maddalena.it\/de\/wer-wir-sind\/#breadcrumb"},"inLanguage":"de","potentialAction":[{"@type":"ReadAction","target":["https:\/\/www.maddalena.it\/de\/wer-wir-sind\/"]}]},{"@type":"BreadcrumbList","@id":"https:\/\/www.maddalena.it\/de\/wer-wir-sind\/#breadcrumb","itemListElement":[{"@type":"ListItem","position":1,"name":"Home","item":"https:\/\/www.maddalena.it\/de\/"},{"@type":"ListItem","position":2,"name":"Wer wir sind"}]},{"@type":"WebSite","@id":"https:\/\/www.maddalena.it\/de\/#website","url":"https:\/\/www.maddalena.it\/de\/","name":"Maddalena S.p.A.","description":"Metering Expertise","publisher":{"@id":"https:\/\/www.maddalena.it\/de\/#organization"},"potentialAction":[{"@type":"SearchAction","target":{"@type":"EntryPoint","urlTemplate":"https:\/\/www.maddalena.it\/de\/?s={search_term_string}"},"query-input":{"@type":"PropertyValueSpecification","valueRequired":true,"valueName":"search_term_string"}}],"inLanguage":"de"},{"@type":"Organization","@id":"https:\/\/www.maddalena.it\/de\/#organization","name":"Maddalena S.p.A.","url":"https:\/\/www.maddalena.it\/de\/","logo":{"@type":"ImageObject","inLanguage":"de","@id":"https:\/\/www.maddalena.it\/de\/#\/schema\/logo\/image\/","url":"https:\/\/www.maddalena.it\/wp-content\/uploads\/2022\/04\/logo.svg","contentUrl":"https:\/\/www.maddalena.it\/wp-content\/uploads\/2022\/04\/logo.svg","caption":"Maddalena S.p.A."},"image":{"@id":"https:\/\/www.maddalena.it\/de\/#\/schema\/logo\/image\/"}}]}},"_links":{"self":[{"href":"https:\/\/www.maddalena.it\/de\/wp-json\/wp\/v2\/pages\/33526","targetHints":{"allow":["GET"]}}],"collection":[{"href":"https:\/\/www.maddalena.it\/de\/wp-json\/wp\/v2\/pages"}],"about":[{"href":"https:\/\/www.maddalena.it\/de\/wp-json\/wp\/v2\/types\/page"}],"author":[{"embeddable":true,"href":"https:\/\/www.maddalena.it\/de\/wp-json\/wp\/v2\/users\/2"}],"replies":[{"embeddable":true,"href":"https:\/\/www.maddalena.it\/de\/wp-json\/wp\/v2\/comments?post=33526"}],"version-history":[{"count":5,"href":"https:\/\/www.maddalena.it\/de\/wp-json\/wp\/v2\/pages\/33526\/revisions"}],"predecessor-version":[{"id":33614,"href":"https:\/\/www.maddalena.it\/de\/wp-json\/wp\/v2\/pages\/33526\/revisions\/33614"}],"wp:attachment":[{"href":"https:\/\/www.maddalena.it\/de\/wp-json\/wp\/v2\/media?parent=33526"}],"curies":[{"name":"wp","href":"https:\/\/api.w.org\/{rel}","templated":true}]}}