{"id":29830,"date":"2024-10-29T14:23:16","date_gmt":"2024-10-29T13:23:16","guid":{"rendered":"https:\/\/www.maddalena.it\/?page_id=29830"},"modified":"2025-10-22T11:12:04","modified_gmt":"2025-10-22T09:12:04","slug":"nachhaltigkeit-unser-weg","status":"publish","type":"page","link":"https:\/\/www.maddalena.it\/de\/nachhaltigkeit\/nachhaltigkeit-unser-weg\/","title":{"rendered":"Nachhaltigkeit: unser Weg"},"content":{"rendered":"\n<p><p>Prim\u00e4res Ziel von Maddalena S.p.A. in Sachen Nachhaltigkeit ist <strong>die Messung und Eind\u00e4mmung der Verschwendung<\/strong> dieser kostbarsten Ressource unseres Planeten:<strong> Wasser.<\/strong><\/p><\/p>\n\n<p><p>Sich den Themen einer <strong><a href=\"https:\/\/asvis.it\/who-we-are\/\" target=\"_blank\" rel=\"noreferrer noopener\" data-mce-href=\"https:\/\/asvis.it\/who-we-are\/\">Nachhaltigen Entwicklung<\/a> zu stellen<\/strong>, erfordert heute einen Denkprozess in jeder Richtung mit <strong>verantwortungsvollen Verhaltensweisen<\/strong>, nicht nur was Umwelt betrifft, sondern auch durch Erweiterung der Sichtweise auf soziale Nachhaltigkeit und Unternehmensf\u00fchrung. Nur mit einem derartigen Handeln kann man einen Beitrag zur <strong>Schaffung von nachhaltigen Werten leisten und Vorteile<\/strong> f\u00fcr unser Unternehmen und seine Stakeholder generieren.<\/p><\/p>\n\n<p>Nachhaltigkeit ist Teil der DNA unseres Unternehmens und bestimmt unsere Strategien und unternehmerischen Entscheidungen.<\/p>\n","protected":false},"excerpt":{"rendered":"<p>Prim\u00e4res Ziel von Maddalena S.p.A. in Sachen Nachhaltigkeit ist die Messung und Eind\u00e4mmung der Verschwendung dieser kostbarsten Ressource unseres Planeten: Wasser. Sich den Themen einer Nachhaltigen Entwicklung zu stellen, erfordert heute einen Denkprozess in jeder Richtung mit verantwortungsvollen Verhaltensweisen, nicht nur was Umwelt betrifft, sondern auch durch Erweiterung der Sichtweise auf soziale Nachhaltigkeit und Unternehmensf\u00fchrung. [&hellip;]<\/p>\n","protected":false},"author":2,"featured_media":0,"parent":20201,"menu_order":43,"comment_status":"closed","ping_status":"closed","template":"","meta":{"_acf_changed":false,"_lmt_disableupdate":"no","_lmt_disable":"","footnotes":""},"class_list":["post-29830","page","type-page","status-publish","hentry"],"acf":[],"yoast_head":"<!-- This site is optimized with the Yoast SEO plugin v27.3 - https:\/\/yoast.com\/product\/yoast-seo-wordpress\/ -->\n<title>Nachhaltigkeit: unser Weg - Maddalena S.p.A.<\/title>\n<meta name=\"description\" content=\"Maddalena hat wichtige Ziele erreicht, die das Engagement f\u00fcr Nachhaltigkeit best\u00e4tigen: Agenda 2030, Ma\u00dfnahmen ESG, SA8000, Nachhaltigkeitsbericht\" \/>\n<meta name=\"robots\" content=\"index, follow, max-snippet:-1, max-image-preview:large, max-video-preview:-1\" \/>\n<link rel=\"canonical\" href=\"https:\/\/www.maddalena.it\/de\/nachhaltigkeit\/nachhaltigkeit-unser-weg\/\" \/>\n<meta property=\"og:locale\" content=\"de_DE\" \/>\n<meta property=\"og:type\" content=\"article\" \/>\n<meta property=\"og:title\" content=\"Nachhaltigkeit: unser Weg - Maddalena S.p.A.\" \/>\n<meta property=\"og:description\" content=\"Maddalena hat wichtige Ziele erreicht, die das Engagement f\u00fcr Nachhaltigkeit best\u00e4tigen: Agenda 2030, Ma\u00dfnahmen ESG, SA8000, Nachhaltigkeitsbericht\" \/>\n<meta property=\"og:url\" content=\"https:\/\/www.maddalena.it\/de\/nachhaltigkeit\/nachhaltigkeit-unser-weg\/\" \/>\n<meta property=\"og:site_name\" content=\"Maddalena S.p.A.\" \/>\n<meta property=\"article:modified_time\" content=\"2025-10-22T09:12:04+00:00\" \/>\n<meta name=\"twitter:card\" content=\"summary_large_image\" \/>\n<meta name=\"twitter:label1\" content=\"Gesch\u00e4tzte Lesezeit\" \/>\n\t<meta name=\"twitter:data1\" content=\"1\u00a0Minute\" \/>\n<script type=\"application\/ld+json\" class=\"yoast-schema-graph\">{\"@context\":\"https:\\\/\\\/schema.org\",\"@graph\":[{\"@type\":\"WebPage\",\"@id\":\"https:\\\/\\\/www.maddalena.it\\\/de\\\/nachhaltigkeit\\\/nachhaltigkeit-unser-weg\\\/\",\"url\":\"https:\\\/\\\/www.maddalena.it\\\/de\\\/nachhaltigkeit\\\/nachhaltigkeit-unser-weg\\\/\",\"name\":\"Nachhaltigkeit: unser Weg - Maddalena S.p.A.\",\"isPartOf\":{\"@id\":\"https:\\\/\\\/www.maddalena.it\\\/de\\\/#website\"},\"datePublished\":\"2024-10-29T13:23:16+00:00\",\"dateModified\":\"2025-10-22T09:12:04+00:00\",\"description\":\"Maddalena hat wichtige Ziele erreicht, die das Engagement f\u00fcr Nachhaltigkeit best\u00e4tigen: Agenda 2030, Ma\u00dfnahmen ESG, SA8000, Nachhaltigkeitsbericht\",\"breadcrumb\":{\"@id\":\"https:\\\/\\\/www.maddalena.it\\\/de\\\/nachhaltigkeit\\\/nachhaltigkeit-unser-weg\\\/#breadcrumb\"},\"inLanguage\":\"de\",\"potentialAction\":[{\"@type\":\"ReadAction\",\"target\":[\"https:\\\/\\\/www.maddalena.it\\\/de\\\/nachhaltigkeit\\\/nachhaltigkeit-unser-weg\\\/\"]}]},{\"@type\":\"BreadcrumbList\",\"@id\":\"https:\\\/\\\/www.maddalena.it\\\/de\\\/nachhaltigkeit\\\/nachhaltigkeit-unser-weg\\\/#breadcrumb\",\"itemListElement\":[{\"@type\":\"ListItem\",\"position\":1,\"name\":\"Home\",\"item\":\"https:\\\/\\\/www.maddalena.it\\\/de\\\/\"},{\"@type\":\"ListItem\",\"position\":2,\"name\":\"Nachhaltigkeit: unser Weg\",\"item\":\"https:\\\/\\\/www.maddalena.it\\\/de\\\/?page_id=20201\"},{\"@type\":\"ListItem\",\"position\":3,\"name\":\"Nachhaltigkeit: unser Weg\"}]},{\"@type\":\"WebSite\",\"@id\":\"https:\\\/\\\/www.maddalena.it\\\/de\\\/#website\",\"url\":\"https:\\\/\\\/www.maddalena.it\\\/de\\\/\",\"name\":\"Maddalena S.p.A.\",\"description\":\"Metering Expertise\",\"publisher\":{\"@id\":\"https:\\\/\\\/www.maddalena.it\\\/de\\\/#organization\"},\"potentialAction\":[{\"@type\":\"SearchAction\",\"target\":{\"@type\":\"EntryPoint\",\"urlTemplate\":\"https:\\\/\\\/www.maddalena.it\\\/de\\\/?s={search_term_string}\"},\"query-input\":{\"@type\":\"PropertyValueSpecification\",\"valueRequired\":true,\"valueName\":\"search_term_string\"}}],\"inLanguage\":\"de\"},{\"@type\":\"Organization\",\"@id\":\"https:\\\/\\\/www.maddalena.it\\\/de\\\/#organization\",\"name\":\"Maddalena S.p.A.\",\"url\":\"https:\\\/\\\/www.maddalena.it\\\/de\\\/\",\"logo\":{\"@type\":\"ImageObject\",\"inLanguage\":\"de\",\"@id\":\"https:\\\/\\\/www.maddalena.it\\\/de\\\/#\\\/schema\\\/logo\\\/image\\\/\",\"url\":\"https:\\\/\\\/www.maddalena.it\\\/wp-content\\\/uploads\\\/2022\\\/04\\\/logo.svg\",\"contentUrl\":\"https:\\\/\\\/www.maddalena.it\\\/wp-content\\\/uploads\\\/2022\\\/04\\\/logo.svg\",\"caption\":\"Maddalena S.p.A.\"},\"image\":{\"@id\":\"https:\\\/\\\/www.maddalena.it\\\/de\\\/#\\\/schema\\\/logo\\\/image\\\/\"}}]}<\/script>\n<!-- \/ Yoast SEO plugin. -->","yoast_head_json":{"title":"Nachhaltigkeit: unser Weg - Maddalena S.p.A.","description":"Maddalena hat wichtige Ziele erreicht, die das Engagement f\u00fcr Nachhaltigkeit best\u00e4tigen: Agenda 2030, Ma\u00dfnahmen ESG, SA8000, Nachhaltigkeitsbericht","robots":{"index":"index","follow":"follow","max-snippet":"max-snippet:-1","max-image-preview":"max-image-preview:large","max-video-preview":"max-video-preview:-1"},"canonical":"https:\/\/www.maddalena.it\/de\/nachhaltigkeit\/nachhaltigkeit-unser-weg\/","og_locale":"de_DE","og_type":"article","og_title":"Nachhaltigkeit: unser Weg - Maddalena S.p.A.","og_description":"Maddalena hat wichtige Ziele erreicht, die das Engagement f\u00fcr Nachhaltigkeit best\u00e4tigen: Agenda 2030, Ma\u00dfnahmen ESG, SA8000, Nachhaltigkeitsbericht","og_url":"https:\/\/www.maddalena.it\/de\/nachhaltigkeit\/nachhaltigkeit-unser-weg\/","og_site_name":"Maddalena S.p.A.","article_modified_time":"2025-10-22T09:12:04+00:00","twitter_card":"summary_large_image","twitter_misc":{"Gesch\u00e4tzte Lesezeit":"1\u00a0Minute"},"schema":{"@context":"https:\/\/schema.org","@graph":[{"@type":"WebPage","@id":"https:\/\/www.maddalena.it\/de\/nachhaltigkeit\/nachhaltigkeit-unser-weg\/","url":"https:\/\/www.maddalena.it\/de\/nachhaltigkeit\/nachhaltigkeit-unser-weg\/","name":"Nachhaltigkeit: unser Weg - Maddalena S.p.A.","isPartOf":{"@id":"https:\/\/www.maddalena.it\/de\/#website"},"datePublished":"2024-10-29T13:23:16+00:00","dateModified":"2025-10-22T09:12:04+00:00","description":"Maddalena hat wichtige Ziele erreicht, die das Engagement f\u00fcr Nachhaltigkeit best\u00e4tigen: Agenda 2030, Ma\u00dfnahmen ESG, SA8000, Nachhaltigkeitsbericht","breadcrumb":{"@id":"https:\/\/www.maddalena.it\/de\/nachhaltigkeit\/nachhaltigkeit-unser-weg\/#breadcrumb"},"inLanguage":"de","potentialAction":[{"@type":"ReadAction","target":["https:\/\/www.maddalena.it\/de\/nachhaltigkeit\/nachhaltigkeit-unser-weg\/"]}]},{"@type":"BreadcrumbList","@id":"https:\/\/www.maddalena.it\/de\/nachhaltigkeit\/nachhaltigkeit-unser-weg\/#breadcrumb","itemListElement":[{"@type":"ListItem","position":1,"name":"Home","item":"https:\/\/www.maddalena.it\/de\/"},{"@type":"ListItem","position":2,"name":"Nachhaltigkeit: unser Weg","item":"https:\/\/www.maddalena.it\/de\/?page_id=20201"},{"@type":"ListItem","position":3,"name":"Nachhaltigkeit: unser Weg"}]},{"@type":"WebSite","@id":"https:\/\/www.maddalena.it\/de\/#website","url":"https:\/\/www.maddalena.it\/de\/","name":"Maddalena S.p.A.","description":"Metering Expertise","publisher":{"@id":"https:\/\/www.maddalena.it\/de\/#organization"},"potentialAction":[{"@type":"SearchAction","target":{"@type":"EntryPoint","urlTemplate":"https:\/\/www.maddalena.it\/de\/?s={search_term_string}"},"query-input":{"@type":"PropertyValueSpecification","valueRequired":true,"valueName":"search_term_string"}}],"inLanguage":"de"},{"@type":"Organization","@id":"https:\/\/www.maddalena.it\/de\/#organization","name":"Maddalena S.p.A.","url":"https:\/\/www.maddalena.it\/de\/","logo":{"@type":"ImageObject","inLanguage":"de","@id":"https:\/\/www.maddalena.it\/de\/#\/schema\/logo\/image\/","url":"https:\/\/www.maddalena.it\/wp-content\/uploads\/2022\/04\/logo.svg","contentUrl":"https:\/\/www.maddalena.it\/wp-content\/uploads\/2022\/04\/logo.svg","caption":"Maddalena S.p.A."},"image":{"@id":"https:\/\/www.maddalena.it\/de\/#\/schema\/logo\/image\/"}}]}},"_links":{"self":[{"href":"https:\/\/www.maddalena.it\/de\/wp-json\/wp\/v2\/pages\/29830","targetHints":{"allow":["GET"]}}],"collection":[{"href":"https:\/\/www.maddalena.it\/de\/wp-json\/wp\/v2\/pages"}],"about":[{"href":"https:\/\/www.maddalena.it\/de\/wp-json\/wp\/v2\/types\/page"}],"author":[{"embeddable":true,"href":"https:\/\/www.maddalena.it\/de\/wp-json\/wp\/v2\/users\/2"}],"replies":[{"embeddable":true,"href":"https:\/\/www.maddalena.it\/de\/wp-json\/wp\/v2\/comments?post=29830"}],"version-history":[{"count":1,"href":"https:\/\/www.maddalena.it\/de\/wp-json\/wp\/v2\/pages\/29830\/revisions"}],"predecessor-version":[{"id":29834,"href":"https:\/\/www.maddalena.it\/de\/wp-json\/wp\/v2\/pages\/29830\/revisions\/29834"}],"up":[{"embeddable":true,"href":"https:\/\/www.maddalena.it\/de\/wp-json\/wp\/v2\/pages\/20201"}],"wp:attachment":[{"href":"https:\/\/www.maddalena.it\/de\/wp-json\/wp\/v2\/media?parent=29830"}],"curies":[{"name":"wp","href":"https:\/\/api.w.org\/{rel}","templated":true}]}}