{"id":19389,"date":"2022-04-21T15:11:14","date_gmt":"2022-04-21T13:11:14","guid":{"rendered":"http:\/\/www.maddalena.it\/kontakte\/"},"modified":"2026-02-02T11:20:38","modified_gmt":"2026-02-02T10:20:38","slug":"kontakte","status":"publish","type":"page","link":"https:\/\/www.maddalena.it\/de\/kontakte\/","title":{"rendered":"Kontakte"},"content":{"rendered":"\n<h3 class=\"wp-block-heading\">MADDALENA GMBH<\/h3>\n\n\n\n<div style=\"height:20px\" aria-hidden=\"true\" class=\"wp-block-spacer\"><\/div>\n\n\n\n<p>Am Bruch 21\u201323 \u2013 42857 Remscheid<br>Vertretungsberechtigter Gesch\u00e4ftsf\u00fchrer: Petar Miloradov<\/p>\n\n\n\n<p><p>+49 2191 95158 10 <br\/>Fax\u00a0+49 2191 95158 90<\/p><\/p>\n\n\n\n<p><p>Registergericht: Amtsgericht Wuppertal<br\/>Registernummer: HRB 28857<br\/>USt-ID:\u00a0DE 316 882 544<\/p><p><span data-teams=\"true\">\u00a0<\/span><\/p><\/p>\n\n\n\n<p>Tel.&nbsp;+39 0432 634811<\/p>\n\n\n\n<p><\/p>\n\n\n\n<div style=\"height:50px\" aria-hidden=\"true\" class=\"wp-block-spacer\"><\/div>\n\n\n\n<ul class=\"wp-block-social-links has-visible-labels has-icon-color has-icon-background-color is-layout-flex wp-block-social-links-is-layout-flex\"><li style=\"color:#d8000f;background-color:#ffffff;\" class=\"wp-social-link wp-social-link-linkedin has-white-background-color wp-block-social-link\"><a rel=\"noopener nofollow\" target=\"_blank\" href=\"https:\/\/www.linkedin.com\/company\/13982209\" class=\"wp-block-social-link-anchor\"><svg width=\"24\" height=\"24\" viewBox=\"0 0 24 24\" version=\"1.1\" xmlns=\"http:\/\/www.w3.org\/2000\/svg\" aria-hidden=\"true\" focusable=\"false\"><path d=\"M19.7,3H4.3C3.582,3,3,3.582,3,4.3v15.4C3,20.418,3.582,21,4.3,21h15.4c0.718,0,1.3-0.582,1.3-1.3V4.3 C21,3.582,20.418,3,19.7,3z M8.339,18.338H5.667v-8.59h2.672V18.338z M7.004,8.574c-0.857,0-1.549-0.694-1.549-1.548 c0-0.855,0.691-1.548,1.549-1.548c0.854,0,1.547,0.694,1.547,1.548C8.551,7.881,7.858,8.574,7.004,8.574z M18.339,18.338h-2.669 v-4.177c0-0.996-0.017-2.278-1.387-2.278c-1.389,0-1.601,1.086-1.601,2.206v4.249h-2.667v-8.59h2.559v1.174h0.037 c0.356-0.675,1.227-1.387,2.526-1.387c2.703,0,3.203,1.779,3.203,4.092V18.338z\"><\/path><\/svg><span class=\"wp-block-social-link-label\">LinkedIn<\/span><\/a><\/li>\n\n<li style=\"color:#d8000f;background-color:#ffffff;\" class=\"wp-social-link wp-social-link-chain has-white-background-color wp-block-social-link\"><a rel=\"noopener nofollow\" target=\"_blank\" href=\"https:\/\/www.xing.com\/pages\/maddalenagmbh\" class=\"wp-block-social-link-anchor\"><svg width=\"24\" height=\"24\" viewBox=\"0 0 24 24\" version=\"1.1\" xmlns=\"http:\/\/www.w3.org\/2000\/svg\" aria-hidden=\"true\" focusable=\"false\"><path d=\"M15.6,7.2H14v1.5h1.6c2,0,3.7,1.7,3.7,3.7s-1.7,3.7-3.7,3.7H14v1.5h1.6c2.8,0,5.2-2.3,5.2-5.2,0-2.9-2.3-5.2-5.2-5.2zM4.7,12.4c0-2,1.7-3.7,3.7-3.7H10V7.2H8.4c-2.9,0-5.2,2.3-5.2,5.2,0,2.9,2.3,5.2,5.2,5.2H10v-1.5H8.4c-2,0-3.7-1.7-3.7-3.7zm4.6.9h5.3v-1.5H9.3v1.5z\"><\/path><\/svg><span class=\"wp-block-social-link-label\">XING<\/span><\/a><\/li><\/ul>\n","protected":false},"excerpt":{"rendered":"<p>MADDALENA GMBH Am Bruch 21\u201323 \u2013 42857 RemscheidVertretungsberechtigter Gesch\u00e4ftsf\u00fchrer: Petar Miloradov +49 2191 95158 10 Fax\u00a0+49 2191 95158 90 Registergericht: Amtsgericht WuppertalRegisternummer: HRB 28857USt-ID:\u00a0DE 316 882 544 \u00a0 Tel.&nbsp;+39 0432 634811<\/p>\n","protected":false},"author":1,"featured_media":0,"parent":0,"menu_order":85,"comment_status":"closed","ping_status":"closed","template":"page-contacts.php","meta":{"_acf_changed":false,"_lmt_disableupdate":"no","_lmt_disable":"","footnotes":""},"class_list":["post-19389","page","type-page","status-publish","hentry"],"acf":[],"yoast_head":"<!-- This site is optimized with the Yoast SEO plugin v27.6 - https:\/\/yoast.com\/product\/yoast-seo-wordpress\/ -->\n<title>Kontakte - Maddalena S.p.A.<\/title>\n<meta name=\"description\" content=\"Ben\u00f6tigen Sie weitere Informationen? Entdecken Sie die Kontakte des B\u00fcros von Maddalena S.p.A und Maddalena GMBH. Entdecken Sie unsere Pr\u00e4senz in der Welt.\" \/>\n<meta name=\"robots\" content=\"index, follow, max-snippet:-1, max-image-preview:large, max-video-preview:-1\" \/>\n<link rel=\"canonical\" href=\"https:\/\/www.maddalena.it\/de\/kontakte\/\" \/>\n<meta property=\"og:locale\" content=\"de_DE\" \/>\n<meta property=\"og:type\" content=\"article\" \/>\n<meta property=\"og:title\" content=\"Kontakte - Maddalena S.p.A.\" \/>\n<meta property=\"og:description\" content=\"Ben\u00f6tigen Sie weitere Informationen? Entdecken Sie die Kontakte des B\u00fcros von Maddalena S.p.A und Maddalena GMBH. Entdecken Sie unsere Pr\u00e4senz in der Welt.\" \/>\n<meta property=\"og:url\" content=\"https:\/\/www.maddalena.it\/de\/kontakte\/\" \/>\n<meta property=\"og:site_name\" content=\"Maddalena S.p.A.\" \/>\n<meta property=\"article:modified_time\" content=\"2026-02-02T10:20:38+00:00\" \/>\n<meta name=\"twitter:card\" content=\"summary_large_image\" \/>\n<meta name=\"twitter:label1\" content=\"Gesch\u00e4tzte Lesezeit\" \/>\n\t<meta name=\"twitter:data1\" content=\"1\u00a0Minute\" \/>\n<script type=\"application\/ld+json\" class=\"yoast-schema-graph\">{\"@context\":\"https:\\\/\\\/schema.org\",\"@graph\":[{\"@type\":\"WebPage\",\"@id\":\"https:\\\/\\\/www.maddalena.it\\\/de\\\/kontakte\\\/\",\"url\":\"https:\\\/\\\/www.maddalena.it\\\/de\\\/kontakte\\\/\",\"name\":\"Kontakte - Maddalena S.p.A.\",\"isPartOf\":{\"@id\":\"https:\\\/\\\/www.maddalena.it\\\/de\\\/#website\"},\"datePublished\":\"2022-04-21T13:11:14+00:00\",\"dateModified\":\"2026-02-02T10:20:38+00:00\",\"description\":\"Ben\u00f6tigen Sie weitere Informationen? Entdecken Sie die Kontakte des B\u00fcros von Maddalena S.p.A und Maddalena GMBH. Entdecken Sie unsere Pr\u00e4senz in der Welt.\",\"breadcrumb\":{\"@id\":\"https:\\\/\\\/www.maddalena.it\\\/de\\\/kontakte\\\/#breadcrumb\"},\"inLanguage\":\"de\",\"potentialAction\":[{\"@type\":\"ReadAction\",\"target\":[\"https:\\\/\\\/www.maddalena.it\\\/de\\\/kontakte\\\/\"]}]},{\"@type\":\"BreadcrumbList\",\"@id\":\"https:\\\/\\\/www.maddalena.it\\\/de\\\/kontakte\\\/#breadcrumb\",\"itemListElement\":[{\"@type\":\"ListItem\",\"position\":1,\"name\":\"Home\",\"item\":\"https:\\\/\\\/www.maddalena.it\\\/de\\\/\"},{\"@type\":\"ListItem\",\"position\":2,\"name\":\"Kontakte\"}]},{\"@type\":\"WebSite\",\"@id\":\"https:\\\/\\\/www.maddalena.it\\\/de\\\/#website\",\"url\":\"https:\\\/\\\/www.maddalena.it\\\/de\\\/\",\"name\":\"Maddalena S.p.A.\",\"description\":\"Metering Expertise\",\"publisher\":{\"@id\":\"https:\\\/\\\/www.maddalena.it\\\/de\\\/#organization\"},\"potentialAction\":[{\"@type\":\"SearchAction\",\"target\":{\"@type\":\"EntryPoint\",\"urlTemplate\":\"https:\\\/\\\/www.maddalena.it\\\/de\\\/?s={search_term_string}\"},\"query-input\":{\"@type\":\"PropertyValueSpecification\",\"valueRequired\":true,\"valueName\":\"search_term_string\"}}],\"inLanguage\":\"de\"},{\"@type\":\"Organization\",\"@id\":\"https:\\\/\\\/www.maddalena.it\\\/de\\\/#organization\",\"name\":\"Maddalena S.p.A.\",\"url\":\"https:\\\/\\\/www.maddalena.it\\\/de\\\/\",\"logo\":{\"@type\":\"ImageObject\",\"inLanguage\":\"de\",\"@id\":\"https:\\\/\\\/www.maddalena.it\\\/de\\\/#\\\/schema\\\/logo\\\/image\\\/\",\"url\":\"https:\\\/\\\/www.maddalena.it\\\/wp-content\\\/uploads\\\/2022\\\/04\\\/logo.svg\",\"contentUrl\":\"https:\\\/\\\/www.maddalena.it\\\/wp-content\\\/uploads\\\/2022\\\/04\\\/logo.svg\",\"caption\":\"Maddalena S.p.A.\"},\"image\":{\"@id\":\"https:\\\/\\\/www.maddalena.it\\\/de\\\/#\\\/schema\\\/logo\\\/image\\\/\"}}]}<\/script>\n<!-- \/ Yoast SEO plugin. -->","yoast_head_json":{"title":"Kontakte - Maddalena S.p.A.","description":"Ben\u00f6tigen Sie weitere Informationen? Entdecken Sie die Kontakte des B\u00fcros von Maddalena S.p.A und Maddalena GMBH. Entdecken Sie unsere Pr\u00e4senz in der Welt.","robots":{"index":"index","follow":"follow","max-snippet":"max-snippet:-1","max-image-preview":"max-image-preview:large","max-video-preview":"max-video-preview:-1"},"canonical":"https:\/\/www.maddalena.it\/de\/kontakte\/","og_locale":"de_DE","og_type":"article","og_title":"Kontakte - Maddalena S.p.A.","og_description":"Ben\u00f6tigen Sie weitere Informationen? Entdecken Sie die Kontakte des B\u00fcros von Maddalena S.p.A und Maddalena GMBH. Entdecken Sie unsere Pr\u00e4senz in der Welt.","og_url":"https:\/\/www.maddalena.it\/de\/kontakte\/","og_site_name":"Maddalena S.p.A.","article_modified_time":"2026-02-02T10:20:38+00:00","twitter_card":"summary_large_image","twitter_misc":{"Gesch\u00e4tzte Lesezeit":"1\u00a0Minute"},"schema":{"@context":"https:\/\/schema.org","@graph":[{"@type":"WebPage","@id":"https:\/\/www.maddalena.it\/de\/kontakte\/","url":"https:\/\/www.maddalena.it\/de\/kontakte\/","name":"Kontakte - Maddalena S.p.A.","isPartOf":{"@id":"https:\/\/www.maddalena.it\/de\/#website"},"datePublished":"2022-04-21T13:11:14+00:00","dateModified":"2026-02-02T10:20:38+00:00","description":"Ben\u00f6tigen Sie weitere Informationen? Entdecken Sie die Kontakte des B\u00fcros von Maddalena S.p.A und Maddalena GMBH. Entdecken Sie unsere Pr\u00e4senz in der Welt.","breadcrumb":{"@id":"https:\/\/www.maddalena.it\/de\/kontakte\/#breadcrumb"},"inLanguage":"de","potentialAction":[{"@type":"ReadAction","target":["https:\/\/www.maddalena.it\/de\/kontakte\/"]}]},{"@type":"BreadcrumbList","@id":"https:\/\/www.maddalena.it\/de\/kontakte\/#breadcrumb","itemListElement":[{"@type":"ListItem","position":1,"name":"Home","item":"https:\/\/www.maddalena.it\/de\/"},{"@type":"ListItem","position":2,"name":"Kontakte"}]},{"@type":"WebSite","@id":"https:\/\/www.maddalena.it\/de\/#website","url":"https:\/\/www.maddalena.it\/de\/","name":"Maddalena S.p.A.","description":"Metering Expertise","publisher":{"@id":"https:\/\/www.maddalena.it\/de\/#organization"},"potentialAction":[{"@type":"SearchAction","target":{"@type":"EntryPoint","urlTemplate":"https:\/\/www.maddalena.it\/de\/?s={search_term_string}"},"query-input":{"@type":"PropertyValueSpecification","valueRequired":true,"valueName":"search_term_string"}}],"inLanguage":"de"},{"@type":"Organization","@id":"https:\/\/www.maddalena.it\/de\/#organization","name":"Maddalena S.p.A.","url":"https:\/\/www.maddalena.it\/de\/","logo":{"@type":"ImageObject","inLanguage":"de","@id":"https:\/\/www.maddalena.it\/de\/#\/schema\/logo\/image\/","url":"https:\/\/www.maddalena.it\/wp-content\/uploads\/2022\/04\/logo.svg","contentUrl":"https:\/\/www.maddalena.it\/wp-content\/uploads\/2022\/04\/logo.svg","caption":"Maddalena S.p.A."},"image":{"@id":"https:\/\/www.maddalena.it\/de\/#\/schema\/logo\/image\/"}}]}},"_links":{"self":[{"href":"https:\/\/www.maddalena.it\/de\/wp-json\/wp\/v2\/pages\/19389","targetHints":{"allow":["GET"]}}],"collection":[{"href":"https:\/\/www.maddalena.it\/de\/wp-json\/wp\/v2\/pages"}],"about":[{"href":"https:\/\/www.maddalena.it\/de\/wp-json\/wp\/v2\/types\/page"}],"author":[{"embeddable":true,"href":"https:\/\/www.maddalena.it\/de\/wp-json\/wp\/v2\/users\/1"}],"replies":[{"embeddable":true,"href":"https:\/\/www.maddalena.it\/de\/wp-json\/wp\/v2\/comments?post=19389"}],"version-history":[{"count":5,"href":"https:\/\/www.maddalena.it\/de\/wp-json\/wp\/v2\/pages\/19389\/revisions"}],"predecessor-version":[{"id":32856,"href":"https:\/\/www.maddalena.it\/de\/wp-json\/wp\/v2\/pages\/19389\/revisions\/32856"}],"wp:attachment":[{"href":"https:\/\/www.maddalena.it\/de\/wp-json\/wp\/v2\/media?parent=19389"}],"curies":[{"name":"wp","href":"https:\/\/api.w.org\/{rel}","templated":true}]}}